{"id":407,"date":"2015-07-21T10:26:34","date_gmt":"2015-07-21T08:26:34","guid":{"rendered":"https:\/\/www.capalest.com\/slovanska-vzajomnost-2\/"},"modified":"2026-03-12T16:58:20","modified_gmt":"2026-03-12T14:58:20","slug":"cap-enfants","status":"publish","type":"page","link":"https:\/\/www.capalest.com\/fr\/cap-enfants\/","title":{"rendered":"Cap Enfants"},"content":{"rendered":"[vc_row type=\u00a0\u00bbfull_width_content\u00a0\u00bb bg_position=\u00a0\u00bbleft top\u00a0\u00bb bg_repeat=\u00a0\u00bbno-repeat\u00a0\u00bb scene_position=\u00a0\u00bbcenter\u00a0\u00bb text_color=\u00a0\u00bbdark\u00a0\u00bb text_align=\u00a0\u00bbleft\u00a0\u00bb][vc_column width=\u00a0\u00bb1\/2&Prime;]<div class=\"img-with-aniamtion-wrap right\" data-max-width=\"100%\" data-border-radius=\"\"><div class=\"inner\"><img loading=\"lazy\" decoding=\"async\" data-shadow=\"none\" data-shadow-direction=\"middle\" class=\"img-with-animation image_width\" data-delay=\"0\" height=\"1013\" width=\"768\" data-animation=\"fade-in\" src=\"https:\/\/www.capalest.com\/wp-content\/uploads\/2015\/07\/Capalest_5324.jpg\" srcset=\"https:\/\/www.capalest.com\/wp-content\/uploads\/2015\/07\/Capalest_5324.jpg 768w, https:\/\/www.capalest.com\/wp-content\/uploads\/2015\/07\/Capalest_5324-227x300.jpg 227w\" sizes=\"auto, 100vw\" alt=\"\" \/><\/div><\/div>[\/vc_column][vc_column width=\u00a0\u00bb1\/2&Prime;][vc_column_text el_class=\u00a0\u00bbtext_center\u00a0\u00bb]\n<h1>Activit\u00e9s et jeux en tch\u00e8que et en fran\u00e7ais<\/h1>\n<h3>avec Nicolas Guy et Mark\u00e9ta Dulavov\u00e1<\/h3>\n<p>Les plus petits de nos amis vont retrouver Nicolas et Mark\u00e9ta\u00a0comme l\u00b4ann\u00e9e pr\u00e9c\u00e9dente pour un festin\u2026 de mots et de jeux les\u00a0dont ils sont ins\u00e9parables compagnons\u2026 ils vont pouvoir\u00a0approfondir leur initiation au fran\u00e7ais et au tch\u00e8que et accueillir\u00a0de nouveaux amis.<\/p>\n<h3><strong>18.8. 16:00 Jardin botanique<br \/>\n<\/strong><strong>19.8. 16:00 Jardin botanique<br \/>\n<\/strong><strong>20.8. 16:00 Jardin botanique<\/strong><\/h3>\n<p><strong>Entr\u00e9e libre <\/strong>En cas de pluie \u2013 Z\u00e1kladn\u00e1 umeleck\u00e1 \u0161kola[\/vc_column_text][\/vc_column][\/vc_row]\n","protected":false},"excerpt":{"rendered":"<p>[vc_row type=\u00a0\u00bbfull_width_content\u00a0\u00bb bg_position=\u00a0\u00bbleft top\u00a0\u00bb bg_repeat=\u00a0\u00bbno-repeat\u00a0\u00bb scene_position=\u00a0\u00bbcenter\u00a0\u00bb text_color=\u00a0\u00bbdark\u00a0\u00bb text_align=\u00a0\u00bbleft\u00a0\u00bb][vc_column width=\u00a0\u00bb1\/2&Prime;][\/vc_column][vc_column width=\u00a0\u00bb1\/2&Prime;][vc_column_text el_class=\u00a0\u00bbtext_center\u00a0\u00bb] Activit\u00e9s et jeux en tch\u00e8que et en fran\u00e7ais avec Nicolas Guy et Mark\u00e9ta Dulavov\u00e1 Les plus petits de nos amis vont retrouver Nicolas et Mark\u00e9ta\u00a0comme l\u00b4ann\u00e9e pr\u00e9c\u00e9dente pour un&#8230;<\/p>\n","protected":false},"author":1,"featured_media":0,"parent":0,"menu_order":0,"comment_status":"closed","ping_status":"closed","template":"","meta":{"footnotes":""},"class_list":["post-407","page","type-page","status-publish"],"aioseo_notices":[],"_links":{"self":[{"href":"https:\/\/www.capalest.com\/fr\/wp-json\/wp\/v2\/pages\/407","targetHints":{"allow":["GET"]}}],"collection":[{"href":"https:\/\/www.capalest.com\/fr\/wp-json\/wp\/v2\/pages"}],"about":[{"href":"https:\/\/www.capalest.com\/fr\/wp-json\/wp\/v2\/types\/page"}],"author":[{"embeddable":true,"href":"https:\/\/www.capalest.com\/fr\/wp-json\/wp\/v2\/users\/1"}],"replies":[{"embeddable":true,"href":"https:\/\/www.capalest.com\/fr\/wp-json\/wp\/v2\/comments?post=407"}],"version-history":[{"count":8,"href":"https:\/\/www.capalest.com\/fr\/wp-json\/wp\/v2\/pages\/407\/revisions"}],"predecessor-version":[{"id":865,"href":"https:\/\/www.capalest.com\/fr\/wp-json\/wp\/v2\/pages\/407\/revisions\/865"}],"wp:attachment":[{"href":"https:\/\/www.capalest.com\/fr\/wp-json\/wp\/v2\/media?parent=407"}],"curies":[{"name":"wp","href":"https:\/\/api.w.org\/{rel}","templated":true}]}}