{"id":3424,"date":"2017-08-07T08:59:56","date_gmt":"2017-08-07T06:59:56","guid":{"rendered":"https:\/\/www.capalest.com\/capalest-2017\/"},"modified":"2022-08-04T14:01:24","modified_gmt":"2022-08-04T12:01:24","slug":"capalest-2022","status":"publish","type":"page","link":"https:\/\/www.capalest.com\/fr\/capalest-2022\/","title":{"rendered":"Capalest 2022"},"content":{"rendered":"[vc_row type=\u00a0\u00bbin_container\u00a0\u00bb full_screen_row_position=\u00a0\u00bbmiddle\u00a0\u00bb scene_position=\u00a0\u00bbcenter\u00a0\u00bb text_color=\u00a0\u00bbdark\u00a0\u00bb text_align=\u00a0\u00bbleft\u00a0\u00bb top_padding=\u00a0\u00bb0&Prime; bottom_padding=\u00a0\u00bb50&Prime; overlay_strength=\u00a0\u00bb0.3&Prime; shape_divider_position=\u00a0\u00bbbottom\u00a0\u00bb shape_type=\u00a0\u00bb\u00a0\u00bb][vc_column column_padding=\u00a0\u00bbno-extra-padding\u00a0\u00bb column_padding_position=\u00a0\u00bball\u00a0\u00bb background_color_opacity=\u00a0\u00bb1&Prime; background_hover_color_opacity=\u00a0\u00bb1&Prime; column_shadow=\u00a0\u00bbnone\u00a0\u00bb column_border_radius=\u00a0\u00bbnone\u00a0\u00bb width=\u00a0\u00bb1\/1&Prime; tablet_text_alignment=\u00a0\u00bbdefault\u00a0\u00bb phone_text_alignment=\u00a0\u00bbdefault\u00a0\u00bb column_border_width=\u00a0\u00bbnone\u00a0\u00bb column_border_style=\u00a0\u00bbsolid\u00a0\u00bb][vc_column_text]\n<h2>2003&#8230;2022&#8230;20eme \u00e9dition<\/h2>\n<p>20 ans d\u00e9j\u00e0 pour Cap \u00e0 l&rsquo;Est de pr\u00e9sence dans le cadre de cette ville unique<\/p>\n<p>20ans de rencontres avec la Po\u00e9sie pour moteur..la sc\u00e8ne pour espace et la musique pour envol<\/p>\n<p>En 2003 Milan Knacko et Albert Marencin acceuillaient Chantal Poulain et la pl\u00e9\u00efade de po\u00e8tes europ\u00e9ens qui avaient fond\u00e9 Capalest au chateau de Budm\u00e9rice deux ans plus t\u00f4t&#8230;et\u00a0 qui viendront tout au long de ces 20 ann\u00e9es apporter chacun l&rsquo;originalit\u00e9 de\u00a0 leur \u00e9criture&#8230;l&rsquo;\u00e9lan de leur passion pour la langue et leur d\u00e9sir de rencontre et d&rsquo;\u00e9change&#8230;qu&rsquo;ils soient remerci\u00e9s&#8230;comme tous les artistes com\u00e9diens musiciens et techniciens qui se sont succ\u00e9d\u00e9s&#8230;.de la mine au ch\u00e2teau&#8230;<\/p>\n<p>&nbsp;<\/p>\n<p>TALAMO..Musique et danse flamenco&#8230;<\/p>\n<p>( talamo&#8230;talamus : r\u00e9gion du cerveau essentielle au relais des influx sensoriels et sensitifs vers les r\u00e9gions motrices de\u00a0 l&rsquo;\u00eatre humain)<\/p>\n<p>MUSIQUE et DANSE&#8230;Quand le comtemporain se saisit de la tradition..( en l&rsquo;occurrence\u00a0 du flamenco )&#8230;le diss\u00e8que et le fragmente pour en r\u00e9v\u00e9ler les ressorts et dans ce processus de fragmentation-reconstruction nos emporte dans un voyage \u00e0 travers.. zomba..tango..ronde\u00f1a\u00a0 malag\u00e9\u00f1a..siguirya..sol\u00e9a&#8230;et tout pr\u00e8s mais au del\u00e0 3 artistes exceptionnels chacun dans son art et sa partition<\/p>\n<p>constituant l&rsquo;unit\u00e9<\/p>\n<p>Composition musicale et guitare : Luis Mariano<\/p>\n<p>Chor\u00e9graphie et danse :M\u00e9nica Igl\u00e9sias<\/p>\n<p>Violon : Yorrik Troman<\/p>\n<p>Un spectacle rarissime et pl\u00e9biscit\u00e9&#8230;un concentr\u00e9 d&rsquo;Art..<\/p>\n<p>&nbsp;<\/p>\n<p>POUR UNE ESQUISSE&#8230;<\/p>\n<p>BAUDELAIRE&#8230;<\/p>\n<p>En modeste hommage au peintre Vavrova pour son illustration des fleurs du mal..<\/p>\n<p>Lecture bilingue par Lucia Hurayova et Michel de Maulne avec la complicit\u00e9 du violon tenu par Peter Morsoriak r\u00e9v\u00e9lant la beaut\u00e9 sombre et superbe du po\u00e8te<\/p>\n<p>&nbsp;<\/p>\n<p>POUR UN VOYAGE&#8230;<\/p>\n<p>Lecture-spectacle du Transsib\u00e9rien de Blaise Cendrars relatant\u00a0 son voyage de Moscou \u00e0 Vladivostok au coeur de la guerre et de la tourmente des hommes et des paysages&#8230;une \u00e9pop\u00e9e unique et grandiose o\u00fb Lucia Letcova accompagne Michel de Maulne au coeur des t\u00e9n\u00e8bres sib\u00e9riennes&#8230;.<\/p>\n<p>Embarquement avec la petite Jehanne de France pour un heure de tumulte ferroviaire et po\u00e9tique&#8230;\u00a0 totalement improvis\u00e9&#8230;une performance\u00a0 dit-on&#8230;filant \u00e0 l&rsquo;Est \u00e0 toute vapeur&#8230;<\/p>\n<p>&nbsp;<\/p>\n<p>POUR ENFANTS<\/p>\n<p>Car telle est notre raison d&rsquo;\u00eatre !!<\/p>\n<p>Tout au long de ces ann\u00e9es pass\u00e9es nous n&rsquo;avons cess\u00e9 de garder une place pour eux au cour de nos rencontres..<\/p>\n<p>Nicolas y veillait ..et voil\u00e0 qu&rsquo;Ivan Gontko..qui avait pr\u00e9sent\u00e9 un petit joyau nous revient cette ann\u00e9e avec un spectacle consacr\u00e9 \u00e0 &#8230;.<\/p>\n<p>Dur\u00e9e et Lieu<\/p>\n<p>&nbsp;<\/p>\n<p>Capalest, LIC, FPU, BS, BBSK, L\u2019Athanor[\/vc_column_text][\/vc_column][\/vc_row]\n","protected":false},"excerpt":{"rendered":"<p>[vc_row type=\u00a0\u00bbin_container\u00a0\u00bb full_screen_row_position=\u00a0\u00bbmiddle\u00a0\u00bb scene_position=\u00a0\u00bbcenter\u00a0\u00bb text_color=\u00a0\u00bbdark\u00a0\u00bb text_align=\u00a0\u00bbleft\u00a0\u00bb top_padding=\u00a0\u00bb0&Prime; bottom_padding=\u00a0\u00bb50&Prime; overlay_strength=\u00a0\u00bb0.3&Prime; shape_divider_position=\u00a0\u00bbbottom\u00a0\u00bb shape_type=\u00a0\u00bb\u00a0\u00bb][vc_column column_padding=\u00a0\u00bbno-extra-padding\u00a0\u00bb column_padding_position=\u00a0\u00bball\u00a0\u00bb background_color_opacity=\u00a0\u00bb1&Prime; background_hover_color_opacity=\u00a0\u00bb1&Prime; column_shadow=\u00a0\u00bbnone\u00a0\u00bb column_border_radius=\u00a0\u00bbnone\u00a0\u00bb width=\u00a0\u00bb1\/1&Prime; tablet_text_alignment=\u00a0\u00bbdefault\u00a0\u00bb phone_text_alignment=\u00a0\u00bbdefault\u00a0\u00bb column_border_width=\u00a0\u00bbnone\u00a0\u00bb column_border_style=\u00a0\u00bbsolid\u00a0\u00bb][vc_column_text] 2003&#8230;2022&#8230;20eme \u00e9dition 20 ans d\u00e9j\u00e0 pour Cap \u00e0 l&rsquo;Est de pr\u00e9sence dans le cadre de cette ville unique&#8230;<\/p>\n","protected":false},"author":1,"featured_media":0,"parent":0,"menu_order":0,"comment_status":"closed","ping_status":"closed","template":"","meta":{"footnotes":""},"class_list":["post-3424","page","type-page","status-publish"],"aioseo_notices":[],"_links":{"self":[{"href":"https:\/\/www.capalest.com\/fr\/wp-json\/wp\/v2\/pages\/3424","targetHints":{"allow":["GET"]}}],"collection":[{"href":"https:\/\/www.capalest.com\/fr\/wp-json\/wp\/v2\/pages"}],"about":[{"href":"https:\/\/www.capalest.com\/fr\/wp-json\/wp\/v2\/types\/page"}],"author":[{"embeddable":true,"href":"https:\/\/www.capalest.com\/fr\/wp-json\/wp\/v2\/users\/1"}],"replies":[{"embeddable":true,"href":"https:\/\/www.capalest.com\/fr\/wp-json\/wp\/v2\/comments?post=3424"}],"version-history":[{"count":12,"href":"https:\/\/www.capalest.com\/fr\/wp-json\/wp\/v2\/pages\/3424\/revisions"}],"predecessor-version":[{"id":4676,"href":"https:\/\/www.capalest.com\/fr\/wp-json\/wp\/v2\/pages\/3424\/revisions\/4676"}],"wp:attachment":[{"href":"https:\/\/www.capalest.com\/fr\/wp-json\/wp\/v2\/media?parent=3424"}],"curies":[{"name":"wp","href":"https:\/\/api.w.org\/{rel}","templated":true}]}}