{"id":3325,"date":"2017-07-05T10:34:38","date_gmt":"2017-07-05T08:34:38","guid":{"rendered":"https:\/\/www.capalest.com\/vseobecne-podmienky\/"},"modified":"2018-01-29T21:30:24","modified_gmt":"2018-01-29T19:30:24","slug":"informations-generales","status":"publish","type":"page","link":"https:\/\/www.capalest.com\/fr\/informations-generales\/","title":{"rendered":"Informations g\u00e9n\u00e9rales"},"content":{"rendered":"[vc_row type=\u00a0\u00bbin_container\u00a0\u00bb bg_position=\u00a0\u00bbleft top\u00a0\u00bb bg_repeat=\u00a0\u00bbno-repeat\u00a0\u00bb scene_position=\u00a0\u00bbcenter\u00a0\u00bb text_color=\u00a0\u00bbdark\u00a0\u00bb text_align=\u00a0\u00bbleft\u00a0\u00bb top_padding=\u00a0\u00bb0&Prime; bottom_padding=\u00a0\u00bb0&Prime;][vc_column width=\u00a0\u00bb1\/1&Prime;][vc_column_text]\n<h1>1.\u00a0\u00a0 V\u0161eobecn\u00e9 obchodn\u00e9 podmienky<\/h1>\n<ol start=\"1.1\">\n<li>Nasleduj\u00face V\u0161eobecn\u00e9 obchodn\u00e9 podmienky (\u010falej len <strong>\u201eVOP\u201c<\/strong>) sa vz\u0165ahuj\u00fa na zostavovanie cenov\u00fdch pon\u00fak a na z\u00e1v\u00e4zkovo-pr\u00e1vne vz\u0165ahy vypl\u00fdvaj\u00face zo zmluvy o dielo (\u010falej len <strong>\u201eZmluva\u201c<\/strong>), uzatvorenej medzi zhotovite\u013eom a objedn\u00e1vate\u013eom, ktorej predmetom je z\u00e1v\u00e4zok zhotovite\u013ea vykona\u0165 pr\u00e1ce objedn\u00e1vate\u013eovi (\u010falej len <strong>\u201edielo\u201c<\/strong>) a povinnos\u0165 objedn\u00e1vate\u013ea zaplati\u0165 zhotovite\u013eovi cenu za dielo.<\/li>\n<li>Pre \u00fa\u010dely t\u00fdchto VOP sa zhotovite\u013eom rozumie spolo\u010dnos\u0165 KOSIT SERVICES s. r. o..<\/li>\n<li>Pre \u00fa\u010dely t\u00fdchto VOP sa objedn\u00e1vate\u013eom rozumie fyzick\u00e1 osoba, pr\u00e1vnick\u00e1 osoba alebo fyzick\u00e1 osoba \u2013 podnikate\u013e, ktor\u00e1 si objedn\u00e1 u\u00a0zhotovite\u013ea vykonanie diela.<\/li>\n<li>Osoba podpisuj\u00faca objedn\u00e1vku na vykonanie diela sa pova\u017euje za osobu opr\u00e1vnen\u00fa vykona\u0165 objedn\u00e1vku pod\u013ea t\u00fdchto VOP. Ak t\u00e1to osoba kon\u00e1 bez opr\u00e1vnenia za in\u00e9ho, alebo toto opr\u00e1vnenie prekro\u010d\u00ed, je zaviazan\u00e1 rovnako, ako by bol ten, za koho alebo v mene koho kon\u00e1, ak zast\u00fapen\u00fd objedn\u00e1vku bez zbyto\u010dn\u00e9ho odkladu neschv\u00e1li.<\/li>\n<li>\u00dastne alebo telefonick\u00e9 dohovory, vysvetlenia a inform\u00e1cie podan\u00e9 zamestnancami alebo spolupracovn\u00edkmi zhotovite\u013ea s\u00fa pre zhotovite\u013ea z\u00e1v\u00e4zn\u00e9, len ak s\u00fa p\u00edsomne potvrden\u00e9 osobami opr\u00e1vnen\u00fdmi kona\u0165 v mene zhotovite\u013ea pod\u013ea v\u00fdpisu z obchodn\u00e9ho registra.<\/li>\n<li>Ak\u00e9ko\u013evek dojednania odli\u0161n\u00e9 od t\u00fdchto podmienok s\u00fa pre zhotovite\u013ea z\u00e1v\u00e4zn\u00e9 len vtedy, ak s\u00fa p\u00edsomne potvrden\u00e9 osobami opr\u00e1vnen\u00fdmi kona\u0165 v mene zhotovite\u013ea pod\u013ea v\u00fdpisu z obchodn\u00e9ho registra.<\/li>\n<\/ol>\n<h2>2.\u00a0\u00a0 Cenov\u00e9 ponuky<\/h2>\n<ol>\n<li>Cenov\u00e9 ponuky zhotovite\u013e vypracuje na z\u00e1klade samostatnej objedn\u00e1vky na vykonanie diela. Doru\u010denie takejto objedn\u00e1vky zhotovite\u013eovi alebo vypracovanie cenovej ponuky na jej z\u00e1klade nezav\u00e4zuj\u00fa zhotovite\u013ea k uzavretiu Zmluvy, alebo k vykonaniu diela za podmienok uveden\u00fdch v objedn\u00e1vke alebo v cenovej ponuke. K uzavretiu Zmluvy doch\u00e1dza a\u017e prijat\u00edm objedn\u00e1vky zhotovite\u013eom.<\/li>\n<li>Odst\u00fapenie objedn\u00e1vate\u013ea od objedn\u00e1vky urobenej na z\u00e1klade cenovej ponuky zhotovite\u013ea je mo\u017en\u00e9 len s p\u00edsomn\u00fdm s\u00fahlasom zhotovite\u013ea.<\/li>\n<\/ol>\n<h2>3.\u00a0\u00a0 Objedn\u00e1vka a\u00a0uzavretie Zmluvy<\/h2>\n<ol>\n<li>Objedn\u00e1vate\u013e vykon\u00e1 objedn\u00e1vku p\u00edsomne, a to osobne alebo prostredn\u00edctvom osoby, ktor\u00fa na tento \u00fakon p\u00edsomne opr\u00e1vnil.<\/li>\n<li>Svoj\u00edm podpisom na objedn\u00e1vke a predlo\u017een\u00edm objedn\u00e1vky opr\u00e1vnen\u00e9mu pracovn\u00edkovi zhotovite\u013ea objedn\u00e1vate\u013e objedn\u00e1vku potvrdzuje a berie na vedomie, \u017ee nie je opr\u00e1vnen\u00fd od nej odst\u00fapi\u0165 bez s\u00fahlasu zhotovite\u013ea po dobu 10 (desiatich) dn\u00ed. Po uplynut\u00ed tejto lehoty objedn\u00e1vka, ak nie je zhotovite\u013eom prijat\u00e1, zanik\u00e1.<\/li>\n<li>Po p\u00edsomnom potvrden\u00ed o prijat\u00ed objedn\u00e1vky zhotovite\u013eom a zaplaten\u00edm z\u00e1lohy zhotovite\u013eovi alebo pouk\u00e1zan\u00edm z\u00e1lohy na \u00fa\u010det zhotovite\u013ea doch\u00e1dza medzi objedn\u00e1vate\u013eom a zhotovite\u013eom k uzavretiu Zmluvy. V\u00fd\u0161ku z\u00e1lohy ur\u010duje zhotovite\u013e a je z\u00e1visl\u00e1 od rozsahu a charakteru plnenia.<\/li>\n<\/ol>\n<h2>4.\u00a0\u00a0 Ceny<\/h2>\n<ol>\n<li>Cena diela je predbe\u017ene a odhadom vy\u010d\u00edslen\u00e1 v objedn\u00e1vke, a to vzh\u013eadom na predpokladan\u00fa n\u00e1ro\u010dnos\u0165 diela. T\u00e1to cena m\u00f4\u017ee podlieha\u0165 zmen\u00e1m za podmienok uveden\u00fdch ni\u017e\u0161ie. Na veci potrebn\u00e9 k vykonaniu diela (materi\u00e1l a pod.) sa vz\u0165ahuj\u00fa ceny t\u00fdchto vec\u00ed platn\u00e9 v de\u0148 uzatvorenia Zmluvy.<\/li>\n<li>Pre v\u0161etky v\u00fdkony alebo pr\u00e1ce platia ceny pre v\u00fdkony a pr\u00e1ce, platn\u00e9 v de\u0148 uzatvorenia Zmluvy.<\/li>\n<li>Zhotovite\u013e sa m\u00f4\u017ee dom\u00e1ha\u0165 primeran\u00e9ho zv\u00fd\u0161enia ceny diela, ur\u010denej predbe\u017ene a odhadom v objedn\u00e1vke, ak sa pri vykon\u00e1van\u00ed diela objav\u00ed potreba \u010dinnost\u00ed nezahrnut\u00fdch do ceny diela, pokia\u013e tieto \u010dinnosti neboli predv\u00eddate\u013en\u00e9 v \u010dase uzavretia Zmluvy. V pr\u00edpade zv\u00fd\u0161enia ceny diela sa popri ustanoveniach VOP uplatnia z\u00e1konn\u00e9 ustanovenia Obchodn\u00e9ho z\u00e1konn\u00edka.<\/li>\n<li>Ak sa uk\u00e1\u017ee, \u017ee vzh\u013eadom na zv\u00fd\u0161enie cien vec\u00ed (materi\u00e1lov a pod.), potrebn\u00fdch pre vykonanie diela alebo vykonania \u010dinnost\u00ed pod\u013ea bodu 4.3 bude potrebn\u00e9 prekro\u010di\u0165 predbe\u017ene a odhadom ur\u010den\u00fa cenu diela o viac ako 10%, je zhotovite\u013e povinn\u00fd upozorni\u0165 objedn\u00e1vate\u013ea na t\u00fato skuto\u010dnos\u0165 a po\u017eiada\u0165 ho o jeho s\u00fahlas. Ak objedn\u00e1vate\u013e do 5 (piatich) dn\u00ed po tom, \u010do sa dozvedel o zv\u00fd\u0161en\u00ed ceny diela zhotovite\u013eovi p\u00edsomne neozn\u00e1mi, \u017ee s prekro\u010den\u00edm ceny nes\u00fahlas\u00ed, m\u00e1 sa za to, \u017ee objedn\u00e1vate\u013e so zv\u00fd\u0161en\u00edm ceny vyslovil s\u00fahlas. Ak objedn\u00e1vate\u013e s\u00fahlas so zv\u00fd\u0161en\u00edm ceny odoprie, je zhotovite\u013e opr\u00e1vnen\u00fd od Zmluvy odst\u00fapi\u0165, v takomto pr\u00edpade m\u00e1 v\u0161ak n\u00e1rok na n\u00e1hradu \u00fa\u010delne vynalo\u017een\u00fdch n\u00e1kladov a ceny primeranej vykonan\u00e9mu plneniu.<\/li>\n<li>Ak sa uk\u00e1\u017ee, \u017ee vzh\u013eadom na zv\u00fd\u0161enie cien vec\u00ed (materi\u00e1lov a pod.), potrebn\u00fdch pre realiz\u00e1ciu diela bude potrebn\u00e9 prekro\u010di\u0165 predbe\u017ene a odhadom ur\u010den\u00fa cenu o menej ako 10%, je objedn\u00e1vate\u013e povinn\u00fd zaplati\u0165 cenu zv\u00fd\u0161en\u00fa v tomto rozsahu.<\/li>\n<li>N\u00e1klady na dopravu, poistenie ako aj ostatn\u00e9 n\u00e1klady s\u00favisiace s vykonan\u00edm diela, pokia\u013e nebolo inak vopred p\u00edsomne dohodnut\u00e9, zn\u00e1\u0161a objedn\u00e1vate\u013e. Zhotovite\u013e si pre pr\u00edpad, \u017ee vopred dohodnut\u00e9 ceny obsahuj\u00fa niektor\u00e9 n\u00e1klady (napr.n\u00e1klady za prepravu a pod.) a d\u00f4jde k zv\u00fd\u0161eniu niektor\u00fdch z nich, vyhradzuje pr\u00e1vo na zv\u00fd\u0161enie predmetn\u00fdch cien priamo \u00famerne\u00a0 k zv\u00fd\u0161eniu t\u00fdchto n\u00e1kladov.<\/li>\n<li>V pr\u00edpade vykonania diela na \u00fazem\u00ed Slovenskej republiky \u00fa\u010dtuje zhotovite\u013e objedn\u00e1vate\u013eovi v de\u0148 vykonania diela DPH v sume ur\u010denej pod\u013ea sadzby stanovenej platn\u00fdm znen\u00edm z\u00e1kona o DPH.<\/li>\n<\/ol>\n<h2>5.\u00a0\u00a0 Platobn\u00e9 podmienky<\/h2>\n<ol>\n<li>Objedn\u00e1vate\u013e je povinn\u00fd uhradi\u0165 cenu za poskytnut\u00e9 plnenie na z\u00e1klade riadneho da\u0148ov\u00e9ho dokladu, ktor\u00fdm je fakt\u00fara vystaven\u00e1 zhotovite\u013eom.<\/li>\n<li>Platby m\u00f4\u017eu by\u0165 uhraden\u00e9 v hotovosti alebo pouk\u00e1zan\u00edm na \u00fa\u010det zhotovite\u013ea. Pre pr\u00edpad platby pouk\u00e1zan\u00edm na \u00fa\u010det zhotovite\u013ea sa platba pova\u017euje za riadne uhraden\u00fa a\u017e po prip\u00edsan\u00ed pr\u00edslu\u0161nej sumy na \u00fa\u010det zhotovite\u013ea.<\/li>\n<li>Z\u00e1stupcovia alebo in\u00e9 osoby poveren\u00e9 zhotovite\u013eom nie s\u00fa bez osobitn\u00e9ho p\u00edsomn\u00e9ho splnomocnenia s \u00faradne overen\u00fdm podpisom splnomocnite\u013ea, ktor\u00fdm je osoba opr\u00e1vnen\u00e1 rozhodova\u0165 v mene zhotovite\u013ea o poveren\u00ed prij\u00edma\u0165 platby, opr\u00e1vnen\u00ed prij\u00edma\u0165 v mene zhotovite\u013ea a na jeho \u00fa\u010det ak\u00e9ko\u013evek platby.<\/li>\n<li>V pr\u00edpade ome\u0161kania s akouko\u013evek platbou m\u00e1 zhotovite\u013e mo\u017enos\u0165 \u00fa\u010dtova\u0165 objedn\u00e1vate\u013eovi \u00farok z ome\u0161kania vo v\u00fd\u0161ke 0,02% z dl\u017enej sumy za ka\u017ed\u00fd, aj za\u010dat\u00fd, de\u0148 ome\u0161kania.<\/li>\n<li>Zmenky a \u0161eky ako platobn\u00fd prostriedok zhotovite\u013e neakceptuje.<\/li>\n<li>Zhotovite\u013e je opr\u00e1vnen\u00fd po\u017eadova\u0165 vyplatenie z\u00e1lohy na cenu diela. Pokia\u013e objedn\u00e1vate\u013e neuhrad\u00ed stanoven\u00fa z\u00e1lohu v lehote ur\u010denej zhotovite\u013eom, je zhotovite\u013e opr\u00e1vnen\u00fd od Zmluvy odst\u00fapi\u0165.<\/li>\n<li>V\u00a0platobnom styku je objedn\u00e1vate\u013e povinn\u00fd st\u00e1le uv\u00e1dza\u0165 ako variabiln\u00fd symbol \u010d\u00edslo fakt\u00fary.<\/li>\n<\/ol>\n<h2>6.\u00a0\u00a0 Vykonanie diela<\/h2>\n<ol>\n<li>Zhotovite\u013e sa zav\u00e4zuje vykona\u0165 dielo k dohodnut\u00e9mu term\u00ednu.<\/li>\n<li>Ak sa dodato\u010dne vyskytne potreba zv\u00fd\u0161enia rozsahu pr\u00e1c oproti rozsahu pr\u00e1c v p\u00f4vodnej objedn\u00e1vke, m\u00f4\u017ee zhotovite\u013e pred\u013a\u017ei\u0165 term\u00edn na vykonanie diela primerane \u010dasovej n\u00e1ro\u010dnosti zv\u00fd\u0161en\u00e9ho rozsahu pr\u00e1c.<\/li>\n<li>Pri ome\u0161kan\u00ed zhotovite\u013ea s vykonan\u00edm diela m\u00f4\u017ee objedn\u00e1vate\u013e p\u00edsomne odst\u00fapi\u0165 od Zmluvy, ak zhotovite\u013e ani po poskytnut\u00ed primeranej lehoty objedn\u00e1vate\u013eom, ktor\u00e1 nesmie by\u0165 krat\u0161ia ako 2 (dva) t\u00fd\u017edne, nespln\u00ed svoj zmluvn\u00fd z\u00e1v\u00e4zok.<\/li>\n<\/ol>\n<h2>7.\u00a0\u00a0 Odovzdanie predmetu diela<\/h2>\n<ol>\n<li>Odovzd\u00e1vanie predmetu diela sa vykon\u00e1va na z\u00e1klade p\u00edsomn\u00e9ho potvrdenia objedn\u00e1vate\u013ea o prevzat\u00ed predmetu diela na dodacom liste predlo\u017eenom zhotovite\u013eom.<\/li>\n<li>Objedn\u00e1vate\u013e je povinn\u00fd potvrdi\u0165 dodac\u00ed list priamo na mieste a\u00a0v\u00a0\u010dase v\u00fdkonu slu\u017eby, pr\u00edpadne do 24 hod.\u00a0od realiz\u00e1cie diela v\u00a0s\u00eddle zhotovite\u013ea.<\/li>\n<li>Objedn\u00e1vate\u013e sa zav\u00e4zuje ur\u010di\u0165 osobu opr\u00e1vnen\u00fa podpisova\u0165 za neho dodac\u00ed list, pr\u00edpadne v\u00a0objedn\u00e1vke alebo zmluve uvedie, \u017ee dodac\u00ed list plat\u00ed aj bez potvrdenia z\u00a0jeho strany.<\/li>\n<li>Objedn\u00e1vate\u013e je povinn\u00fd by\u0165 pr\u00edtomn\u00fd na mieste v\u00a0\u010dase v\u00fdkonu slu\u017eby zhotovite\u013eom, resp. zabezpe\u010di\u0165, aby bola pr\u00edtomn\u00e1 n\u00edm ur\u010den\u00e1 osoba, aby tak nedoch\u00e1dzalo k\u00a0zbyto\u010dn\u00fdm prie\u0165ahom pri potvrdzovan\u00ed v\u00fdkonov zhotovite\u013ea. Ak to nie je mo\u017en\u00e9, objedn\u00e1vate\u013e, pr\u00edpadne n\u00edm ur\u010den\u00e1 osoba potvrdia dodac\u00ed list do 24 hod\u00edn od vykonania slu\u017eby v\u00a0s\u00eddle zhotovite\u013ea, v\u00a0opa\u010dnom pr\u00edpade plat\u00ed dodac\u00ed list aj bez potvrdenia zo strany objedn\u00e1vate\u013ea, s\u00a0\u010d\u00edm objedn\u00e1vate\u013e bez v\u00fdhrad s\u00fahlas\u00ed.<\/li>\n<li>Ak objedn\u00e1vate\u013e v\u00a0dojednanom \u010dase nebude pr\u00edtomn\u00fd na dohodnutom mieste plnenia, zhotovite\u013e je opr\u00e1vnen\u00fd uplatni\u0165 si vo\u010di objedn\u00e1vate\u013eovi zmluvn\u00fa pokutu vo v\u00fd\u0161ke 10% z\u00a0poskytnutej z\u00e1lohy a\/alebo predpokladanej ceny diela a\u00a0taktie\u017e n\u00e1klady na dopravu.<\/li>\n<li>V\u00a0pr\u00edpade, ak zhotovite\u013e po pr\u00edchode na miesto plnenia ur\u010den\u00e9 objedn\u00e1vate\u013eom zist\u00ed, \u017ee dielo nie je mo\u017en\u00e9 vykona\u0165 z\u00a0d\u00f4vodov na strane objedn\u00e1vate\u013ea (napr. neposkytnutie pravdiv\u00fdch a\u00a0\u00fapln\u00fdch inform\u00e1ci\u00ed potrebn\u00fdch na realiz\u00e1ciu diela, nezabezpe\u010den\u00fd pr\u00edstup na miesto plnenia, in\u00fd ne\u017e deklarovan\u00fd odpad a\u00a0pod.), dielo nevykon\u00e1. V\u00a0takomto pr\u00edpade objedn\u00e1vate\u013e nie je v\u00a0ome\u0161kan\u00ed s\u00a0plnen\u00edm diela a\u00a0m\u00e1 n\u00e1rok odst\u00fapi\u0165 od zmluvy. Z\u00e1rove\u0148 je opr\u00e1vnen\u00fd uplatni\u0165 si vo\u010di objedn\u00e1vate\u013eovi zmluvn\u00fa pokutu vo v\u00fd\u0161ke 10% z\u00a0poskytnutej z\u00e1lohy a\/alebo predpokladanej ceny diela a\u00a0taktie\u017e n\u00e1klady na dopravu.<\/li>\n<\/ol>\n<h2>8.\u00a0\u00a0 Z\u00e1ruka a n\u00e1hrada \u0161kody pri realiz\u00e1cii diela<\/h2>\n<h3>Z\u00e1ruka :<\/h3>\n<ol>\n<li>Zhotovite\u013e poskytuje z\u00e1ruku v\u00a0zmysle platn\u00fdch pr\u00e1vnych predpisov.<\/li>\n<\/ol>\n<h3>Zodpovednos\u0165 za \u0161kodu :<\/h3>\n<ol start=\"2\">\n<li>Zhotovite\u013e zodpoved\u00e1 za \u0161kodu, ktor\u00e1 vznikla na predmete diela v \u010dase, po ktor\u00fd bol u neho umiestnen\u00fd pod\u013ea z\u00e1kona.<\/li>\n<li>Ak vznikne na zverenom predmete diela v \u010dase, po ktor\u00fd bol u zhotovite\u013ea umiestnen\u00fd pod\u013ea z\u00e1kona, \u0161koda, zhotovite\u013e je povinn\u00fd na vlastn\u00e9 n\u00e1klady obnovi\u0165 stav pred vznikom \u0161kody. Ak to nie je mo\u017en\u00e9 alebo \u00fa\u010deln\u00e9, je zhotovite\u013e povinn\u00fd nahradi\u0165 \u0161kodu v peniazoch a to vo v\u00fd\u0161ke rozdielu medzi cenou zveren\u00e9ho nepo\u0161koden\u00e9ho predmetu diela a cenou zveren\u00e9ho po\u0161koden\u00e9ho predmetu diela. Pri ur\u010den\u00ed v\u00fd\u0161ky \u0161kody je rozhoduj\u00faca cena zveren\u00e9ho predmetu diela v \u010dase vzniku \u0161kody.<\/li>\n<li>Zhotovite\u013e nie je povinn\u00fd nahradi\u0165 objedn\u00e1vate\u013eovi \u0161kodu, ak k\u00a0poru\u0161eniu jeho povinnost\u00ed do\u0161lo v\u00a0d\u00f4sledku neposkytnutia spolup\u00f4sobenia zo strany objedn\u00e1vate\u013ea alebo ak zhotovite\u013e konal na z\u00e1klade podkladov, pokynov alebo inform\u00e1ci\u00ed poskytnut\u00fdch objedn\u00e1vate\u013eom v\u00a0s\u00favislosti so zabezpe\u010den\u00edm predmetu tejto zmluvy, ktor\u00e9 boli ne\u00fapln\u00e9, nepresn\u00e9 alebo nespr\u00e1vne.<\/li>\n<li>Zhotovite\u013e nenesie zodpovednos\u0165 za vzniknut\u00e9 \u0161kody v\u00a0pr\u00edpadoch, ak poru\u0161enie zmluvn\u00fdch povinnost\u00ed bolo sp\u00f4soben\u00e9 okolnos\u0165ami vylu\u010duj\u00facimi zodpovednos\u0165, alebo ak sa dostal do ome\u0161kania v\u00a0d\u00f4sledku ome\u0161kania objedn\u00e1vate\u013ea.<\/li>\n<li>Zmluvn\u00e9 strany s\u00fa zbaven\u00e9 zo zodpovednosti za \u010diasto\u010dn\u00e9 alebo \u00fapln\u00e9 neplnenie zmluvn\u00fdch povinnost\u00ed pod\u013ea tejto zmluvy v\u00a0pr\u00edpade, \u017ee toto nesplnenie je v\u00a0d\u00f4sledku vy\u0161\u0161ej moci.<\/li>\n<li>Zmluvn\u00e1 strana, ktor\u00e1 sa odvol\u00e1va na vy\u0161\u0161iu moc, je povinn\u00e1 ozn\u00e1mi\u0165 p\u00edsomne druhej strane najnesk\u00f4r do 5 dn\u00ed odo d\u0148a zistenia okolnost\u00ed vy\u0161\u0161ej moci, \u017ee t\u00e1to skuto\u010dnos\u0165 nastala.<\/li>\n<li>Za okolnosti vylu\u010duj\u00face zodpovednos\u0165 sa pova\u017euj\u00fa predov\u0161etk\u00fdm: vojna, mobiliz\u00e1cia, \u0161trajk, \u017eiveln\u00e9 a\u00a0in\u00e9 katastrofy, ktor\u00e9 zmluvn\u00e1 strana nemohla predv\u00edda\u0165 ani im zabr\u00e1ni\u0165. Nedostatok pracovn\u00fdch s\u00edl alebo materi\u00e1lu a\u00a0surov\u00edn u\u00a0subdod\u00e1vate\u013eov sa nepova\u017euje za pr\u00edpad vy\u0161\u0161ej moci, pokia\u013e k\u00a0nim nedo\u0161lo n\u00e1sledkom vy\u0161\u0161ej moci.<\/li>\n<\/ol>\n<h2>9.\u00a0\u00a0 Ochrana osobn\u00fdch \u00fadajov<\/h2>\n<p>Inform\u00e1cia pod\u013ea \u00a7 15 ods.1 z\u00e1kona \u010d. 122\/2013 Z.z. o\u00a0ochrane osobn\u00fdch \u00fadajov v\u00a0znen\u00ed neskor\u0161\u00edch pr\u00e1vnych predpisov ( \u010falej len ,, z\u00e1kon o\u00a0ochrane osobn\u00fdch \u00fadajov\u201c)<\/p>\n<ol>\n<li>.Zhotovite\u013e sprac\u00fava Va\u0161e osobn\u00e9 \u00fadaje za \u00fa\u010delom faktur\u00e1cie\u00a0 na z\u00e1klade \u00a7 10 ods. 3 p\u00edsm. b.) o\u00a0 z\u00e1kona\u00a0 ochrane osobn\u00fdch \u00fadajov\u00a0 a\u00a0za \u00fa\u010delom sprac\u00favania \u00fa\u010dtovn\u00fdch dokladov\u00a0 na z\u00e1klade z\u00e1kona \u010d. 431\/2002 Z.z. o\u00a0\u00fa\u010dtovn\u00edctve v\u00a0znen\u00ed neskor\u0161\u00edch pr\u00e1vnych predpisov a\u00a0z\u00e1kona \u010d. 222\/2004 Z.z.\u00a0 o\u00a0dani z\u00a0pridanej dani v\u00a0znen\u00ed neskor\u0161\u00edch pr\u00e1vnych predpisov.<\/li>\n<li>Podpisom\/potvrden\u00edm Zmluvy z\u00e1rove\u0148 d\u00e1va objedn\u00e1vate\u013e spolo\u010dnosti KOSIT SERVICES s.r.o. v\u00a0s\u00falade so z\u00e1konom o\u00a0ochrane osobn\u00fdch \u00fadajov s\u00fahlas na spracovanie svojich osobn\u00fdch \u00fadajov v\u00a0rozsahu meno, priezvisko, titul, adresa, d\u00e1tum narodenia, rodn\u00e9 \u010d\u00edslo, \u010d\u00edslo ob\u010dianskeho preukazu v\u00a0informa\u010dnom syst\u00e9me zhotovite\u013ea. Zhotovite\u013e je opr\u00e1vnen\u00fd uveden\u00e9 osobn\u00e9 \u00fadaje pou\u017ei\u0165 za \u00fa\u010delom evidencie Zmluvy a\u00a0poskytnut\u00fdch plnen\u00ed, \u010falej z\u00a0d\u00f4vodu vym\u00e1hania n\u00e1rokov v\u00a0s\u00fadnom alebo exeku\u010dnom konan\u00ed a\u00a0za t\u00fdmto \u00fa\u010delom ich archivova\u0165, spracov\u00e1va\u0165 a\u00a0u\u017e\u00edva\u0165. S\u00fahlas sa ude\u013euje na dobu ur\u010den\u00fa pr\u00edslu\u0161n\u00fdmi pr\u00e1vnymi predpismi na \u00faschovu \u00fa\u010dtovnej dokument\u00e1cie, minim\u00e1lne v\u0161ak na dobu vysporiadania vz\u00e1jomn\u00fdch n\u00e1rokov medzi KOSIT SERVICES s.r.o. a objedn\u00e1vate\u013eom. Odvola\u0165 s\u00fahlas m\u00f4\u017ee objedn\u00e1vate\u013e v\u00a0pr\u00edpade, ak sa preuk\u00e1\u017ee, \u017ee KOSIT SERVICES s.r.o. vymedzen\u00e9 osobn\u00e9 \u00fadaje pou\u017eil na in\u00fd \u00fa\u010del.<\/li>\n<\/ol>\n<h2>10. Miesto plnenia<\/h2>\n<ol>\n<li>Miesto plnenia diela je definovan\u00e9 objedn\u00e1vate\u013eom.<\/li>\n<\/ol>\n<h2><strong>11. Alternat\u00edvne rie\u0161enie spotrebite\u013esk\u00fdch sporov<\/strong><\/h2>\n<ol>\n<li>V\u00a0zmysle \u00a711 ods. 1 z\u00e1kona \u010d. 391\/2015 Z.z. o\u00a0alternat\u00edvnom rie\u0161en\u00ed spotrebite\u013esk\u00fdch sporov m\u00e1 objedn\u00e1vate\u013e\u00a0 pr\u00e1vo obr\u00e1ti\u0165 sa na zhotovite\u013ea\u00a0 so \u017eiados\u0165ou o\u00a0n\u00e1pravu, ak sa domnieva, \u017ee zhotovite\u013e\u00a0 poru\u0161il jeho pr\u00e1va\u00a0 alebo nie je spokojn\u00fd so sp\u00f4sobom , ktor\u00fdm zhotovite\u013e\u00a0 vybavil jeho reklam\u00e1ciu.<\/li>\n<li>Ak na \u017eiados\u0165 pod\u013ea bodu 11.1 odpovedal zhotovite\u013e zamietavo alebo na \u017eiados\u0165 neodpovedal do 30 dn\u00ed odo d\u0148a jej odoslania m\u00e1 objedn\u00e1vate\u013e\u00a0 pr\u00e1vo poda\u0165 n\u00e1vrh na za\u010datie\u00a0 alternat\u00edvneho rie\u0161enia sporu v\u00a0zmysle \u00a7 11 ods.2 z\u00e1kona \u010d. 391\/2015 Z.z. o\u00a0alternat\u00edvnom rie\u0161en\u00ed spotrebite\u013esk\u00fdch sporov.<\/li>\n<li>Objedn\u00e1vate\u013e m\u00e1 pr\u00e1vo vybra\u0165 si subjekt alternat\u00edvneho rie\u0161enia spotrebite\u013esk\u00e9ho sporu. Aktu\u00e1lny zoznam subjektov alternat\u00edvneho rie\u0161enia spotrebite\u013esk\u00fdch sporov a\u00a0bli\u017e\u0161ie inform\u00e1cie o\u00a0alternat\u00edvnom rie\u0161en\u00ed spotrebite\u013esk\u00fdch sporov , najm\u00e4 o\u00a0mo\u017enostiach a\u00a0podmienkach alternat\u00edvneho rie\u0161enia\u00a0 spotrebite\u013esk\u00fdch sporov\u00a0 je uveden\u00fd na str\u00e1nke Ministerstva hospod\u00e1rstva Slovenskej republiky.<\/li>\n<\/ol>\n<h2>12. Rie\u0161enie sporov<\/h2>\n<ol>\n<li>V\u0161etky spory, ktor\u00e9 vznikn\u00fa z tejto zmluvy, vr\u00e1tane sporov o\u00a0jej platnos\u0165, v\u00fdklad alebo zru\u0161enie bud\u00fa rie\u0161en\u00e9 prostredn\u00edctvom v\u0161eobecn\u00e9ho s\u00fadu, ktor\u00e9ho pr\u00e1vomoc a pr\u00edslu\u0161nos\u0165 je dan\u00e1 pod\u013ea pr\u00edslu\u0161n\u00fdch procesn\u00fdch predpisov.<\/li>\n<\/ol>\n[\/vc_column_text][\/vc_column][\/vc_row]\n","protected":false},"excerpt":{"rendered":"<p>[vc_row type=\u00a0\u00bbin_container\u00a0\u00bb bg_position=\u00a0\u00bbleft top\u00a0\u00bb bg_repeat=\u00a0\u00bbno-repeat\u00a0\u00bb scene_position=\u00a0\u00bbcenter\u00a0\u00bb text_color=\u00a0\u00bbdark\u00a0\u00bb text_align=\u00a0\u00bbleft\u00a0\u00bb top_padding=\u00a0\u00bb0&Prime; bottom_padding=\u00a0\u00bb0&Prime;][vc_column width=\u00a0\u00bb1\/1&Prime;][vc_column_text] 1.\u00a0\u00a0 V\u0161eobecn\u00e9 obchodn\u00e9 podmienky Nasleduj\u00face V\u0161eobecn\u00e9 obchodn\u00e9 podmienky (\u010falej len \u201eVOP\u201c) sa vz\u0165ahuj\u00fa na zostavovanie cenov\u00fdch pon\u00fak a na z\u00e1v\u00e4zkovo-pr\u00e1vne vz\u0165ahy vypl\u00fdvaj\u00face zo zmluvy o dielo (\u010falej len \u201eZmluva\u201c),&#8230;<\/p>\n","protected":false},"author":1,"featured_media":0,"parent":0,"menu_order":0,"comment_status":"closed","ping_status":"closed","template":"","meta":{"footnotes":""},"class_list":["post-3325","page","type-page","status-publish"],"aioseo_notices":[],"_links":{"self":[{"href":"https:\/\/www.capalest.com\/fr\/wp-json\/wp\/v2\/pages\/3325","targetHints":{"allow":["GET"]}}],"collection":[{"href":"https:\/\/www.capalest.com\/fr\/wp-json\/wp\/v2\/pages"}],"about":[{"href":"https:\/\/www.capalest.com\/fr\/wp-json\/wp\/v2\/types\/page"}],"author":[{"embeddable":true,"href":"https:\/\/www.capalest.com\/fr\/wp-json\/wp\/v2\/users\/1"}],"replies":[{"embeddable":true,"href":"https:\/\/www.capalest.com\/fr\/wp-json\/wp\/v2\/comments?post=3325"}],"version-history":[{"count":3,"href":"https:\/\/www.capalest.com\/fr\/wp-json\/wp\/v2\/pages\/3325\/revisions"}],"predecessor-version":[{"id":3478,"href":"https:\/\/www.capalest.com\/fr\/wp-json\/wp\/v2\/pages\/3325\/revisions\/3478"}],"wp:attachment":[{"href":"https:\/\/www.capalest.com\/fr\/wp-json\/wp\/v2\/media?parent=3325"}],"curies":[{"name":"wp","href":"https:\/\/api.w.org\/{rel}","templated":true}]}}