{"id":3323,"date":"2017-02-07T09:14:02","date_gmt":"2017-02-07T07:14:02","guid":{"rendered":"https:\/\/www.capalest.com\/vo\/"},"modified":"2018-01-29T21:19:11","modified_gmt":"2018-01-29T19:19:11","slug":"commandes-et-factures","status":"publish","type":"page","link":"https:\/\/www.capalest.com\/fr\/commandes-et-factures\/","title":{"rendered":"Commandes et factures"},"content":{"rendered":"[vc_row type=\u00a0\u00bbin_container\u00a0\u00bb bg_position=\u00a0\u00bbleft top\u00a0\u00bb bg_repeat=\u00a0\u00bbno-repeat\u00a0\u00bb scene_position=\u00a0\u00bbcenter\u00a0\u00bb text_color=\u00a0\u00bbdark\u00a0\u00bb text_align=\u00a0\u00bbleft\u00a0\u00bb top_padding=\u00a0\u00bb100&Prime; bottom_padding=\u00a0\u00bb100&Prime; class=\u00a0\u00bbpdf-section\u00a0\u00bb][vc_column width=\u00a0\u00bb1\/1&Prime;][vc_column_text]\n<p style=\"font-size: 16px; line-height: 29px; font-weight: 400;\"><a href=\"https:\/\/www.capalest.com\/wp-content\/uploads\/2016\/08\/Vyzva_publicita.pdf\" rel=\"\">V\u00fdzva publicita<\/a><a href=\"https:\/\/www.capalest.com\/wp-content\/uploads\/2017\/02\/Suhrnna-sprava-2016.pdf\" rel=\"\">Suhrnn\u00e1 spr\u00e1va 2016<\/a><a href=\"https:\/\/www.capalest.com\/wp-content\/uploads\/2017\/02\/FA-1-MD.jpeg\" rel=\"\">FA 1<\/a><a href=\"https:\/\/www.capalest.com\/wp-content\/uploads\/2017\/02\/FA-2-MD.jpeg\" rel=\"\">FA 2<\/a><a href=\"https:\/\/www.capalest.com\/wp-content\/uploads\/2017\/02\/objednavka-MD.jpeg\" rel=\"\">Objedn\u00e1vka<\/a><\/p>\n[\/vc_column_text][\/vc_column][\/vc_row]\n","protected":false},"excerpt":{"rendered":"<p>[vc_row type=\u00a0\u00bbin_container\u00a0\u00bb bg_position=\u00a0\u00bbleft top\u00a0\u00bb bg_repeat=\u00a0\u00bbno-repeat\u00a0\u00bb scene_position=\u00a0\u00bbcenter\u00a0\u00bb text_color=\u00a0\u00bbdark\u00a0\u00bb text_align=\u00a0\u00bbleft\u00a0\u00bb top_padding=\u00a0\u00bb100&Prime; bottom_padding=\u00a0\u00bb100&Prime; class=\u00a0\u00bbpdf-section\u00a0\u00bb][vc_column width=\u00a0\u00bb1\/1&Prime;][vc_column_text] V\u00fdzva publicitaSuhrnn\u00e1 spr\u00e1va 2016FA 1FA 2Objedn\u00e1vka [\/vc_column_text][\/vc_column][\/vc_row]<\/p>\n","protected":false},"author":1,"featured_media":0,"parent":0,"menu_order":0,"comment_status":"closed","ping_status":"closed","template":"","meta":{"footnotes":""},"class_list":["post-3323","page","type-page","status-publish"],"aioseo_notices":[],"_links":{"self":[{"href":"https:\/\/www.capalest.com\/fr\/wp-json\/wp\/v2\/pages\/3323","targetHints":{"allow":["GET"]}}],"collection":[{"href":"https:\/\/www.capalest.com\/fr\/wp-json\/wp\/v2\/pages"}],"about":[{"href":"https:\/\/www.capalest.com\/fr\/wp-json\/wp\/v2\/types\/page"}],"author":[{"embeddable":true,"href":"https:\/\/www.capalest.com\/fr\/wp-json\/wp\/v2\/users\/1"}],"replies":[{"embeddable":true,"href":"https:\/\/www.capalest.com\/fr\/wp-json\/wp\/v2\/comments?post=3323"}],"version-history":[{"count":1,"href":"https:\/\/www.capalest.com\/fr\/wp-json\/wp\/v2\/pages\/3323\/revisions"}],"predecessor-version":[{"id":3324,"href":"https:\/\/www.capalest.com\/fr\/wp-json\/wp\/v2\/pages\/3323\/revisions\/3324"}],"wp:attachment":[{"href":"https:\/\/www.capalest.com\/fr\/wp-json\/wp\/v2\/media?parent=3323"}],"curies":[{"name":"wp","href":"https:\/\/api.w.org\/{rel}","templated":true}]}}