{"id":3273,"date":"2017-06-08T08:23:18","date_gmt":"2017-06-08T06:23:18","guid":{"rendered":"https:\/\/www.capalest.com\/kontakt\/"},"modified":"2018-01-29T21:37:57","modified_gmt":"2018-01-29T19:37:57","slug":"contact","status":"publish","type":"page","link":"https:\/\/www.capalest.com\/fr\/contact\/","title":{"rendered":"Contact"},"content":{"rendered":"[vc_row type=\u00a0\u00bbfull_width_content\u00a0\u00bb bg_position=\u00a0\u00bbleft top\u00a0\u00bb bg_repeat=\u00a0\u00bbno-repeat\u00a0\u00bb scene_position=\u00a0\u00bbcenter\u00a0\u00bb text_color=\u00a0\u00bbdark\u00a0\u00bb text_align=\u00a0\u00bbleft\u00a0\u00bb bottom_padding=\u00a0\u00bb0&Prime;][vc_column width=\u00a0\u00bb1\/2&Prime;]<div class=\"img-with-aniamtion-wrap center\" data-max-width=\"100%\" data-border-radius=\"\"><div class=\"inner\"><img loading=\"lazy\" decoding=\"async\" data-shadow=\"none\" data-shadow-direction=\"middle\" class=\"img-with-animation \" data-delay=\"0\" height=\"901\" width=\"1280\" data-animation=\"fade-in\" src=\"https:\/\/www.capalest.com\/wp-content\/uploads\/2017\/06\/Capalest_2016_1416.jpg\" srcset=\"https:\/\/www.capalest.com\/wp-content\/uploads\/2017\/06\/Capalest_2016_1416.jpg 1280w, https:\/\/www.capalest.com\/wp-content\/uploads\/2017\/06\/Capalest_2016_1416-300x211.jpg 300w, https:\/\/www.capalest.com\/wp-content\/uploads\/2017\/06\/Capalest_2016_1416-1024x721.jpg 1024w\" sizes=\"auto, 100vw\" alt=\"\" \/><\/div><\/div>[vc_row_inner][vc_column_inner width=\u00a0\u00bb1\/2&Prime;]<div class=\"img-with-aniamtion-wrap left\" data-max-width=\"100%\" data-border-radius=\"\"><div class=\"inner\"><img loading=\"lazy\" decoding=\"async\" data-shadow=\"none\" data-shadow-direction=\"middle\" class=\"img-with-animation \" data-delay=\"0\" height=\"901\" width=\"1280\" data-animation=\"fade-in\" src=\"https:\/\/www.capalest.com\/wp-content\/uploads\/2017\/06\/Capalest_2016_2019.jpg\" srcset=\"https:\/\/www.capalest.com\/wp-content\/uploads\/2017\/06\/Capalest_2016_2019.jpg 1280w, https:\/\/www.capalest.com\/wp-content\/uploads\/2017\/06\/Capalest_2016_2019-300x211.jpg 300w, https:\/\/www.capalest.com\/wp-content\/uploads\/2017\/06\/Capalest_2016_2019-1024x721.jpg 1024w\" sizes=\"auto, 100vw\" alt=\"\" \/><\/div><\/div>[\/vc_column_inner][vc_column_inner width=\u00a0\u00bb1\/2&Prime;]<div class=\"img-with-aniamtion-wrap left\" data-max-width=\"100%\" data-border-radius=\"\"><div class=\"inner\"><img loading=\"lazy\" decoding=\"async\" data-shadow=\"none\" data-shadow-direction=\"middle\" class=\"img-with-animation \" data-delay=\"0\" height=\"901\" width=\"1280\" data-animation=\"fade-in\" src=\"https:\/\/www.capalest.com\/wp-content\/uploads\/simple_photo_gallery\/6\/Capalest_2016_1829.jpg\" srcset=\"https:\/\/www.capalest.com\/wp-content\/uploads\/simple_photo_gallery\/6\/Capalest_2016_1829.jpg 1280w, https:\/\/www.capalest.com\/wp-content\/uploads\/simple_photo_gallery\/6\/Capalest_2016_1829-300x211.jpg 300w, https:\/\/www.capalest.com\/wp-content\/uploads\/simple_photo_gallery\/6\/Capalest_2016_1829-1024x721.jpg 1024w\" sizes=\"auto, 100vw\" alt=\"capalest_2016_1829\" \/><\/div><\/div>[\/vc_column_inner][\/vc_row_inner]<div class=\"img-with-aniamtion-wrap center\" data-max-width=\"100%\" data-border-radius=\"\"><div class=\"inner\"><img loading=\"lazy\" decoding=\"async\" data-shadow=\"none\" data-shadow-direction=\"middle\" class=\"img-with-animation \" data-delay=\"0\" height=\"901\" width=\"1280\" data-animation=\"fade-in\" src=\"https:\/\/www.capalest.com\/wp-content\/uploads\/2017\/06\/Capalest_2016_1857.jpg\" srcset=\"https:\/\/www.capalest.com\/wp-content\/uploads\/2017\/06\/Capalest_2016_1857.jpg 1280w, https:\/\/www.capalest.com\/wp-content\/uploads\/2017\/06\/Capalest_2016_1857-300x211.jpg 300w, https:\/\/www.capalest.com\/wp-content\/uploads\/2017\/06\/Capalest_2016_1857-1024x721.jpg 1024w\" sizes=\"auto, 100vw\" alt=\"\" \/><\/div><\/div>[\/vc_column][vc_column width=\u00a0\u00bb1\/2&Prime; animation=\u00a0\u00bbnone\u00a0\u00bb column_padding=\u00a0\u00bbno-extra-padding\u00a0\u00bb column_padding_position=\u00a0\u00bbleft\u00a0\u00bb background_color_opacity=\u00a0\u00bb1&Prime;][vc_column_text el_class=\u00a0\u00bbtext_center2&Prime;]\n<h1>Contact<\/h1>\n<h4>Si\u00e8ge de l&rsquo;association<\/h4>\n<p>Ob\u010dianske zdru\u017eenie Capalest<br \/>\n\u0160tiavnick\u00e9 Bane 86<br \/>\n\u0160tiavnick\u00e9 Bane, Slovaquie<\/p>\n<p>Contact: Lucia Hu\u0165anov\u00e1<br \/>\nTel.: <a href=\"tel:+421 908 559\u00a0573\">+421 908 559\u00a0573<\/a><br \/>\nE-mail: <a href=\"mailto:info@capalest.com\">info@capalest.com<\/a><\/p>\n<p>I\u010cO: 450 195 41<br \/>\nDI\u010c: 2023124092<br \/>\n\u00c9tablissement bancaire: UniCreditBank a.s.<br \/>\nNum\u00e9ro de compte: 1066776009\/1111<\/p>\n<p>Correspondance:<\/p>\n<p>Ob\u010dianske zdru\u017eenie Capalest<br \/>\nHa\u0161kova 32,<br \/>\n974 11 Bansk\u00e1 Bystrica<br \/>\nSlovaquie<\/p>\n<p>Cap \u00e0 l\u00b4Est est une marque d\u00e9pos\u00e9e dont les droits sont d\u00e9tenus par l\u00b4association L\u00b4Athanor.<\/p>\n<h4>Contact durant le festival \/ Organisation:<\/h4>\n<p>Centre culturel de Bansk\u00e1 \u0160tiavnica \u2013 1er \u00e9tage (\u00e0 gauche de l\u00b4h\u00f4tel Grand Matej)<br \/>\nKammerhofsk\u00e1 1,<br \/>\n969 01 Bansk\u00e1 \u0160tiavnica[\/vc_column_text][vc_column_text el_class=\u00a0\u00bbtext_center2 padding-40&Prime;]\n<h4>Modifications du programme<\/h4>\n<p>Toute information li\u00e9e \u00e0 un changement d\u00b4horaire ou de lieu est consultable <a href=\"https:\/\/www.capalest.com\/fr\/actualites\/\">ici<\/a>.<\/p>\n<h4><\/h4>\n[\/vc_column_text][\/vc_column][\/vc_row]\n","protected":false},"excerpt":{"rendered":"<p>[vc_row type=\u00a0\u00bbfull_width_content\u00a0\u00bb bg_position=\u00a0\u00bbleft top\u00a0\u00bb bg_repeat=\u00a0\u00bbno-repeat\u00a0\u00bb scene_position=\u00a0\u00bbcenter\u00a0\u00bb text_color=\u00a0\u00bbdark\u00a0\u00bb text_align=\u00a0\u00bbleft\u00a0\u00bb bottom_padding=\u00a0\u00bb0&Prime;][vc_column width=\u00a0\u00bb1\/2&Prime;][vc_row_inner][vc_column_inner width=\u00a0\u00bb1\/2&Prime;][\/vc_column_inner][vc_column_inner width=\u00a0\u00bb1\/2&Prime;][\/vc_column_inner][\/vc_row_inner][\/vc_column][vc_column width=\u00a0\u00bb1\/2&Prime; animation=\u00a0\u00bbnone\u00a0\u00bb column_padding=\u00a0\u00bbno-extra-padding\u00a0\u00bb column_padding_position=\u00a0\u00bbleft\u00a0\u00bb background_color_opacity=\u00a0\u00bb1&Prime;][vc_column_text el_class=\u00a0\u00bbtext_center2&Prime;] Contact Si\u00e8ge de l&rsquo;association Ob\u010dianske zdru\u017eenie Capalest \u0160tiavnick\u00e9 Bane 86 \u0160tiavnick\u00e9 Bane, Slovaquie Contact: Lucia Hu\u0165anov\u00e1 Tel.: +421 908 559\u00a0573 E-mail: info@capalest.com&#8230;<\/p>\n","protected":false},"author":1,"featured_media":0,"parent":0,"menu_order":0,"comment_status":"closed","ping_status":"closed","template":"","meta":{"footnotes":""},"class_list":["post-3273","page","type-page","status-publish"],"aioseo_notices":[],"_links":{"self":[{"href":"https:\/\/www.capalest.com\/fr\/wp-json\/wp\/v2\/pages\/3273","targetHints":{"allow":["GET"]}}],"collection":[{"href":"https:\/\/www.capalest.com\/fr\/wp-json\/wp\/v2\/pages"}],"about":[{"href":"https:\/\/www.capalest.com\/fr\/wp-json\/wp\/v2\/types\/page"}],"author":[{"embeddable":true,"href":"https:\/\/www.capalest.com\/fr\/wp-json\/wp\/v2\/users\/1"}],"replies":[{"embeddable":true,"href":"https:\/\/www.capalest.com\/fr\/wp-json\/wp\/v2\/comments?post=3273"}],"version-history":[{"count":7,"href":"https:\/\/www.capalest.com\/fr\/wp-json\/wp\/v2\/pages\/3273\/revisions"}],"predecessor-version":[{"id":3490,"href":"https:\/\/www.capalest.com\/fr\/wp-json\/wp\/v2\/pages\/3273\/revisions\/3490"}],"wp:attachment":[{"href":"https:\/\/www.capalest.com\/fr\/wp-json\/wp\/v2\/media?parent=3273"}],"curies":[{"name":"wp","href":"https:\/\/api.w.org\/{rel}","templated":true}]}}